{"id":1724,"date":"2025-07-06T14:44:23","date_gmt":"2025-07-06T18:44:23","guid":{"rendered":"https:\/\/lightcyan-grasshopper-422444.hostingersite.com\/?page_id=1724"},"modified":"2025-07-20T23:01:07","modified_gmt":"2025-07-21T03:01:07","slug":"politica-de-privacidad","status":"publish","type":"page","link":"https:\/\/roadgold.com.bo\/en\/politica-de-privacidad\/","title":{"rendered":"Privacy Policy"},"content":{"rendered":"<div data-elementor-type=\"wp-page\" data-elementor-id=\"1724\" class=\"elementor elementor-1724\">\n\t\t\t\t<div class=\"elementor-element elementor-element-daa5d4c e-flex e-con-boxed e-con e-parent\" data-id=\"daa5d4c\" data-element_type=\"container\" data-e-type=\"container\">\n\t\t\t\t\t<div class=\"e-con-inner\">\n\t\t<div class=\"elementor-element elementor-element-a2a07df e-con-full e-flex e-con e-child\" data-id=\"a2a07df\" data-element_type=\"container\" data-e-type=\"container\">\n\t\t\t\t<div class=\"elementor-element elementor-element-ba08f38 elementor-widget elementor-widget-heading\" data-id=\"ba08f38\" data-element_type=\"widget\" data-e-type=\"widget\" data-widget_type=\"heading.default\">\n\t\t\t\t<div class=\"elementor-widget-container\">\n\t\t\t\t\t<h2 class=\"elementor-heading-title elementor-size-default\">Privacy Policy<\/h2>\t\t\t\t<\/div>\n\t\t\t\t<\/div>\n\t\t\t\t<div class=\"elementor-element elementor-element-4d755ea elementor-widget elementor-widget-text-editor\" data-id=\"4d755ea\" data-element_type=\"widget\" data-e-type=\"widget\" data-widget_type=\"text-editor.default\">\n\t\t\t\t<div class=\"elementor-widget-container\">\n\t\t\t\t\t\t\t\t\t<p>Please read this privacy policy carefully.<\/p>\t\t\t\t\t\t\t\t<\/div>\n\t\t\t\t<\/div>\n\t\t\t\t<\/div>\n\t\t<div class=\"elementor-element elementor-element-063267e e-con-full e-flex e-con e-child\" data-id=\"063267e\" data-element_type=\"container\" data-e-type=\"container\">\n\t\t\t\t<\/div>\n\t\t\t\t\t<\/div>\n\t\t\t\t<\/div>\n\t\t<div class=\"elementor-element elementor-element-9f60a71 e-flex e-con-boxed e-con e-parent\" data-id=\"9f60a71\" data-element_type=\"container\" data-e-type=\"container\">\n\t\t\t\t\t<div class=\"e-con-inner\">\n\t\t\t\t<div class=\"elementor-element elementor-element-a33a4c1 elementor-widget elementor-widget-text-editor\" data-id=\"a33a4c1\" data-element_type=\"widget\" data-e-type=\"widget\" data-widget_type=\"text-editor.default\">\n\t\t\t\t<div class=\"elementor-widget-container\">\n\t\t\t\t\t\t\t\t\t<p>On <strong>ROAD GOLD<\/strong>, we recognize the importance of protecting your privacy and the security of your personal data. This policy describes how we collect, use, share, and protect the information you provide when you use our services.<\/p><p><strong>I. RECOPILACI\u00d3N DE DATOS PERSONALES<\/strong><br \/>Recopilamos datos personales cuando interact\u00faas con nuestros servicios, como tu nombre, direcci\u00f3n de correo electr\u00f3nico, informaci\u00f3n de contacto y detalles de pago. Tambi\u00e9n podemos recopilar informaci\u00f3n sobre tus preferencias y comportamientos de navegaci\u00f3n para mejorar tu experiencia.<\/p><p><strong>II. USO DE DATOS PERSONALES<\/strong><br \/>Utilizamos tus datos personales para proporcionarte nuestros servicios y cumplir con nuestras obligaciones contractuales contigo. Esto incluye procesar tus pedidos, brindarte soporte al cliente y personalizar tu experiencia en nuestro sitio web.<\/p><p>Adem\u00e1s, con tu consentimiento, podemos utilizar tus datos personales para enviar comunicaciones de marketing, como boletines informativos o promociones especiales.<\/p><p><strong>III. COMPARTIR DE DATOS PERSONALES<\/strong><br \/>En algunas situaciones, podemos compartir tus datos personales con terceros proveedores de servicios que nos ayudan a ofrecer nuestros servicios, como procesadores de pagos o empresas de env\u00edo. Estos proveedores est\u00e1n obligados a proteger tu informaci\u00f3n y solo pueden utilizarla para los fines espec\u00edficos para los que fueron contratados.<\/p><p><strong>IV. PROTECCI\u00d3N DE DATOS PERSONALES<\/strong><br \/>Nos comprometemos a proteger la seguridad de tus datos personales y a tomar medidas razonables para evitar el acceso no autorizado, el uso indebido o la divulgaci\u00f3n de tu informaci\u00f3n. Utilizamos medidas de seguridad t\u00e9cnicas y organizativas para proteger tus datos contra p\u00e9rdidas, usos indebidos y accesos no autorizados.<\/p><p><strong>V. DERECHOS DE LOS USUARIOS<\/strong><br \/>Respetamos tus derechos sobre tus datos personales. Si deseas acceder, rectificar, actualizar o eliminar tus datos personales, cont\u00e1ctanos y estaremos encantados de ayudarte. Tambi\u00e9n puedes oponerte al procesamiento de tus datos personales para fines de marketing directo.<\/p><p><strong>VI. LEYES Y REGULACIONES<\/strong><br \/>Entendemos la importancia de cumplir con las leyes y regulaciones locales sobre protecci\u00f3n de datos. ROAD GOLD est\u00e1 comprometida a respetar todas las leyes y regulaciones aplicables en relaci\u00f3n con la recopilaci\u00f3n, el uso y la protecci\u00f3n de tus datos personales.<\/p><p><strong>VII. CONTACTO<\/strong><br \/>Si tienes alguna pregunta o inquietud sobre nuestra pol\u00edtica de privacidad o el manejo de tus datos personales, no dudes en contactarnos. Estamos aqu\u00ed para ayudarte y garantizar que tus datos sean tratados de manera segura y responsable.<\/p><p><strong>Correo:<\/strong>\u00a0info@roadgold.com.bo<\/p><p><strong>Fecha de vigencia:<\/strong>\u00a001 de julio de 2025<\/p>\t\t\t\t\t\t\t\t<\/div>\n\t\t\t\t<\/div>\n\t\t\t\t\t<\/div>\n\t\t\t\t<\/div>\n\t\t\t\t<\/div>","protected":false},"excerpt":{"rendered":"<p>Nuestras pol\u00edticas de privacidad<\/p>","protected":false},"author":1,"featured_media":981,"parent":0,"menu_order":0,"comment_status":"closed","ping_status":"closed","template":"","meta":{"footnotes":""},"class_list":["post-1724","page","type-page","status-publish","has-post-thumbnail","hentry"],"blocksy_meta":[],"yoast_head":"<!-- This site is optimized with the Yoast SEO plugin v27.4 - https:\/\/yoast.com\/product\/yoast-seo-wordpress\/ -->\n<title>Pol\u00edtica de Privacidad - ROADGOLD<\/title>\n<meta name=\"description\" content=\"Reconocemos la importancia de proteger tu privacidad y la seguridad de tus datos personales.\" \/>\n<meta name=\"robots\" content=\"index, follow, max-snippet:-1, max-image-preview:large, max-video-preview:-1\" \/>\n<link rel=\"canonical\" href=\"https:\/\/roadgold.com.bo\/en\/politica-de-privacidad\/\" \/>\n<meta property=\"og:locale\" content=\"en_US\" \/>\n<meta property=\"og:type\" content=\"article\" \/>\n<meta property=\"og:title\" content=\"Pol\u00edtica de Privacidad - ROADGOLD\" \/>\n<meta property=\"og:description\" content=\"Reconocemos la importancia de proteger tu privacidad y la seguridad de tus datos personales.\" \/>\n<meta property=\"og:url\" content=\"https:\/\/roadgold.com.bo\/en\/politica-de-privacidad\/\" \/>\n<meta property=\"og:site_name\" content=\"ROADGOLD\" \/>\n<meta property=\"article:modified_time\" content=\"2025-07-21T03:01:07+00:00\" \/>\n<meta property=\"og:image\" content=\"https:\/\/roadgold.com.bo\/wp-content\/uploads\/logo.png\" \/>\n\t<meta property=\"og:image:width\" content=\"480\" \/>\n\t<meta property=\"og:image:height\" content=\"313\" \/>\n\t<meta property=\"og:image:type\" content=\"image\/png\" \/>\n<meta name=\"twitter:card\" content=\"summary_large_image\" \/>\n<meta name=\"twitter:label1\" content=\"Est. reading time\" \/>\n\t<meta name=\"twitter:data1\" content=\"2 minutes\" \/>\n<script type=\"application\/ld+json\" class=\"yoast-schema-graph\">{\"@context\":\"https:\\\/\\\/schema.org\",\"@graph\":[{\"@type\":\"WebPage\",\"@id\":\"https:\\\/\\\/roadgold.com.bo\\\/politica-de-privacidad\\\/\",\"url\":\"https:\\\/\\\/roadgold.com.bo\\\/politica-de-privacidad\\\/\",\"name\":\"Pol\u00edtica de Privacidad - ROADGOLD\",\"isPartOf\":{\"@id\":\"https:\\\/\\\/roadgold.com.bo\\\/en\\\/#website\"},\"primaryImageOfPage\":{\"@id\":\"https:\\\/\\\/roadgold.com.bo\\\/politica-de-privacidad\\\/#primaryimage\"},\"image\":{\"@id\":\"https:\\\/\\\/roadgold.com.bo\\\/politica-de-privacidad\\\/#primaryimage\"},\"thumbnailUrl\":\"https:\\\/\\\/roadgold.com.bo\\\/wp-content\\\/uploads\\\/logo.png\",\"datePublished\":\"2025-07-06T18:44:23+00:00\",\"dateModified\":\"2025-07-21T03:01:07+00:00\",\"description\":\"Reconocemos la importancia de proteger tu privacidad y la seguridad de tus datos personales.\",\"breadcrumb\":{\"@id\":\"https:\\\/\\\/roadgold.com.bo\\\/politica-de-privacidad\\\/#breadcrumb\"},\"inLanguage\":\"en-US\",\"potentialAction\":[{\"@type\":\"ReadAction\",\"target\":[\"https:\\\/\\\/roadgold.com.bo\\\/politica-de-privacidad\\\/\"]}]},{\"@type\":\"ImageObject\",\"inLanguage\":\"en-US\",\"@id\":\"https:\\\/\\\/roadgold.com.bo\\\/politica-de-privacidad\\\/#primaryimage\",\"url\":\"https:\\\/\\\/roadgold.com.bo\\\/wp-content\\\/uploads\\\/logo.png\",\"contentUrl\":\"https:\\\/\\\/roadgold.com.bo\\\/wp-content\\\/uploads\\\/logo.png\",\"width\":480,\"height\":313},{\"@type\":\"BreadcrumbList\",\"@id\":\"https:\\\/\\\/roadgold.com.bo\\\/politica-de-privacidad\\\/#breadcrumb\",\"itemListElement\":[{\"@type\":\"ListItem\",\"position\":1,\"name\":\"Portada\",\"item\":\"https:\\\/\\\/roadgold.com.bo\\\/\"},{\"@type\":\"ListItem\",\"position\":2,\"name\":\"Pol\u00edtica de Privacidad\"}]},{\"@type\":\"WebSite\",\"@id\":\"https:\\\/\\\/roadgold.com.bo\\\/en\\\/#website\",\"url\":\"https:\\\/\\\/roadgold.com.bo\\\/en\\\/\",\"name\":\"ROADGOLD\",\"description\":\"\",\"publisher\":{\"@id\":\"https:\\\/\\\/roadgold.com.bo\\\/en\\\/#organization\"},\"potentialAction\":[{\"@type\":\"SearchAction\",\"target\":{\"@type\":\"EntryPoint\",\"urlTemplate\":\"https:\\\/\\\/roadgold.com.bo\\\/en\\\/?s={search_term_string}\"},\"query-input\":{\"@type\":\"PropertyValueSpecification\",\"valueRequired\":true,\"valueName\":\"search_term_string\"}}],\"inLanguage\":\"en-US\"},{\"@type\":\"Organization\",\"@id\":\"https:\\\/\\\/roadgold.com.bo\\\/en\\\/#organization\",\"name\":\"ROADGOLD SRL\",\"url\":\"https:\\\/\\\/roadgold.com.bo\\\/en\\\/\",\"logo\":{\"@type\":\"ImageObject\",\"inLanguage\":\"en-US\",\"@id\":\"https:\\\/\\\/roadgold.com.bo\\\/en\\\/#\\\/schema\\\/logo\\\/image\\\/\",\"url\":\"https:\\\/\\\/roadgold.com.bo\\\/wp-content\\\/uploads\\\/2025\\\/06\\\/logotipo.png\",\"contentUrl\":\"https:\\\/\\\/roadgold.com.bo\\\/wp-content\\\/uploads\\\/2025\\\/06\\\/logotipo.png\",\"width\":252,\"height\":233,\"caption\":\"ROADGOLD SRL\"},\"image\":{\"@id\":\"https:\\\/\\\/roadgold.com.bo\\\/en\\\/#\\\/schema\\\/logo\\\/image\\\/\"}}]}<\/script>\n<!-- \/ Yoast SEO plugin. -->","yoast_head_json":{"title":"Pol\u00edtica de Privacidad - ROADGOLD","description":"Reconocemos la importancia de proteger tu privacidad y la seguridad de tus datos personales.","robots":{"index":"index","follow":"follow","max-snippet":"max-snippet:-1","max-image-preview":"max-image-preview:large","max-video-preview":"max-video-preview:-1"},"canonical":"https:\/\/roadgold.com.bo\/en\/politica-de-privacidad\/","og_locale":"en_US","og_type":"article","og_title":"Pol\u00edtica de Privacidad - ROADGOLD","og_description":"Reconocemos la importancia de proteger tu privacidad y la seguridad de tus datos personales.","og_url":"https:\/\/roadgold.com.bo\/en\/politica-de-privacidad\/","og_site_name":"ROADGOLD","article_modified_time":"2025-07-21T03:01:07+00:00","og_image":[{"width":480,"height":313,"url":"https:\/\/roadgold.com.bo\/wp-content\/uploads\/logo.png","type":"image\/png"}],"twitter_card":"summary_large_image","twitter_misc":{"Est. reading time":"2 minutes"},"schema":{"@context":"https:\/\/schema.org","@graph":[{"@type":"WebPage","@id":"https:\/\/roadgold.com.bo\/politica-de-privacidad\/","url":"https:\/\/roadgold.com.bo\/politica-de-privacidad\/","name":"Pol\u00edtica de Privacidad - ROADGOLD","isPartOf":{"@id":"https:\/\/roadgold.com.bo\/en\/#website"},"primaryImageOfPage":{"@id":"https:\/\/roadgold.com.bo\/politica-de-privacidad\/#primaryimage"},"image":{"@id":"https:\/\/roadgold.com.bo\/politica-de-privacidad\/#primaryimage"},"thumbnailUrl":"https:\/\/roadgold.com.bo\/wp-content\/uploads\/logo.png","datePublished":"2025-07-06T18:44:23+00:00","dateModified":"2025-07-21T03:01:07+00:00","description":"Reconocemos la importancia de proteger tu privacidad y la seguridad de tus datos personales.","breadcrumb":{"@id":"https:\/\/roadgold.com.bo\/politica-de-privacidad\/#breadcrumb"},"inLanguage":"en-US","potentialAction":[{"@type":"ReadAction","target":["https:\/\/roadgold.com.bo\/politica-de-privacidad\/"]}]},{"@type":"ImageObject","inLanguage":"en-US","@id":"https:\/\/roadgold.com.bo\/politica-de-privacidad\/#primaryimage","url":"https:\/\/roadgold.com.bo\/wp-content\/uploads\/logo.png","contentUrl":"https:\/\/roadgold.com.bo\/wp-content\/uploads\/logo.png","width":480,"height":313},{"@type":"BreadcrumbList","@id":"https:\/\/roadgold.com.bo\/politica-de-privacidad\/#breadcrumb","itemListElement":[{"@type":"ListItem","position":1,"name":"Portada","item":"https:\/\/roadgold.com.bo\/"},{"@type":"ListItem","position":2,"name":"Pol\u00edtica de Privacidad"}]},{"@type":"WebSite","@id":"https:\/\/roadgold.com.bo\/en\/#website","url":"https:\/\/roadgold.com.bo\/en\/","name":"ROADGOLD","description":"","publisher":{"@id":"https:\/\/roadgold.com.bo\/en\/#organization"},"potentialAction":[{"@type":"SearchAction","target":{"@type":"EntryPoint","urlTemplate":"https:\/\/roadgold.com.bo\/en\/?s={search_term_string}"},"query-input":{"@type":"PropertyValueSpecification","valueRequired":true,"valueName":"search_term_string"}}],"inLanguage":"en-US"},{"@type":"Organization","@id":"https:\/\/roadgold.com.bo\/en\/#organization","name":"ROADGOLD SRL","url":"https:\/\/roadgold.com.bo\/en\/","logo":{"@type":"ImageObject","inLanguage":"en-US","@id":"https:\/\/roadgold.com.bo\/en\/#\/schema\/logo\/image\/","url":"https:\/\/roadgold.com.bo\/wp-content\/uploads\/2025\/06\/logotipo.png","contentUrl":"https:\/\/roadgold.com.bo\/wp-content\/uploads\/2025\/06\/logotipo.png","width":252,"height":233,"caption":"ROADGOLD SRL"},"image":{"@id":"https:\/\/roadgold.com.bo\/en\/#\/schema\/logo\/image\/"}}]}},"_links":{"self":[{"href":"https:\/\/roadgold.com.bo\/en\/wp-json\/wp\/v2\/pages\/1724","targetHints":{"allow":["GET"]}}],"collection":[{"href":"https:\/\/roadgold.com.bo\/en\/wp-json\/wp\/v2\/pages"}],"about":[{"href":"https:\/\/roadgold.com.bo\/en\/wp-json\/wp\/v2\/types\/page"}],"author":[{"embeddable":true,"href":"https:\/\/roadgold.com.bo\/en\/wp-json\/wp\/v2\/users\/1"}],"replies":[{"embeddable":true,"href":"https:\/\/roadgold.com.bo\/en\/wp-json\/wp\/v2\/comments?post=1724"}],"version-history":[{"count":7,"href":"https:\/\/roadgold.com.bo\/en\/wp-json\/wp\/v2\/pages\/1724\/revisions"}],"predecessor-version":[{"id":2270,"href":"https:\/\/roadgold.com.bo\/en\/wp-json\/wp\/v2\/pages\/1724\/revisions\/2270"}],"wp:featuredmedia":[{"embeddable":true,"href":"https:\/\/roadgold.com.bo\/en\/wp-json\/wp\/v2\/media\/981"}],"wp:attachment":[{"href":"https:\/\/roadgold.com.bo\/en\/wp-json\/wp\/v2\/media?parent=1724"}],"curies":[{"name":"wp","href":"https:\/\/api.w.org\/{rel}","templated":true}]}}